{"id":359,"date":"2022-03-03T16:30:56","date_gmt":"2022-03-03T21:30:56","guid":{"rendered":"https:\/\/dansereautraiteur.ca\/contact-us\/"},"modified":"2023-02-03T11:17:03","modified_gmt":"2023-02-03T16:17:03","slug":"contact-us","status":"publish","type":"page","link":"https:\/\/dansereautraiteur.ca\/en\/contact-us\/","title":{"rendered":"Contact us"},"content":{"rendered":"<p>[et_pb_section fb_built=&#8221;1&#8243; custom_padding_last_edited=&#8221;on|desktop&#8221; disabled_on=&#8221;on|on|on&#8221; admin_label=&#8221;Contact&#8221; _builder_version=&#8221;4.19.4&#8243; _module_preset=&#8221;default&#8221; background_image=&#8221;https:\/\/dansereautraiteur.ca\/wp-content\/uploads\/2022\/03\/img-page.jpg&#8221; custom_padding=&#8221;160px||160px||true|false&#8221; custom_padding_tablet=&#8221;85px||85px||true|false&#8221; custom_padding_phone=&#8221;40px||40px||true|false&#8221; disabled=&#8221;on&#8221; global_colors_info=&#8221;{}&#8221;][\/et_pb_section][et_pb_section fb_built=&#8221;1&#8243; admin_label=&#8221;Contact&#8221; _builder_version=&#8221;4.16&#8243; _module_preset=&#8221;default&#8221; global_colors_info=&#8221;{}&#8221;][et_pb_row column_structure=&#8221;1_2,1_2&#8243; admin_label=&#8221;Contact&#8221; module_class=&#8221;row-90 row-contact&#8221; _builder_version=&#8221;4.16&#8243; _module_preset=&#8221;default&#8221; custom_padding=&#8221;0px||0px||true|false&#8221; animation_style=&#8221;slide&#8221; animation_direction=&#8221;bottom&#8221; animation_duration=&#8221;1100ms&#8221; animation_delay=&#8221;500ms&#8221; global_colors_info=&#8221;{}&#8221;][et_pb_column type=&#8221;1_2&#8243; _builder_version=&#8221;4.16&#8243; _module_preset=&#8221;default&#8221; global_colors_info=&#8221;{}&#8221;][et_pb_text admin_label=&#8221;Contact&#8221; _builder_version=&#8221;4.16&#8243; _module_preset=&#8221;default&#8221; header_font=&#8221;|700||on|||||&#8221; header_text_color=&#8221;#b5ce96&#8243; header_line_height=&#8221;1.3em&#8221; custom_margin=&#8221;||15px||false|false&#8221; header_font_size_tablet=&#8221;&#8221; header_font_size_phone=&#8221;35px&#8221; header_font_size_last_edited=&#8221;on|desktop&#8221; global_colors_info=&#8221;{}&#8221;]<\/p>\n<h1>Contact us<\/h1>\n<p>[\/et_pb_text][et_pb_text admin_label=&#8221;Adresse&#8221; _builder_version=&#8221;4.19.4&#8243; _module_preset=&#8221;default&#8221; header_font=&#8221;|700||on|||||&#8221; header_text_color=&#8221;#b5ce96&#8243; header_line_height=&#8221;1.3em&#8221; header_2_font=&#8221;|700||on|||||&#8221; header_2_text_color=&#8221;#000000&#8243; header_2_font_size=&#8221;30px&#8221; header_2_line_height=&#8221;1.3em&#8221; custom_margin=&#8221;||15px||false|false&#8221; header_font_size_tablet=&#8221;&#8221; header_font_size_phone=&#8221;&#8221; header_font_size_last_edited=&#8221;on|desktop&#8221; header_2_font_size_tablet=&#8221;35px&#8221; header_2_font_size_phone=&#8221;26px&#8221; header_2_font_size_last_edited=&#8221;on|desktop&#8221; global_colors_info=&#8221;{}&#8221;]<\/p>\n<h2>Address<\/h2>\n<p>[\/et_pb_text][et_pb_text admin_label=&#8221;243, Avenue Dunbar Montr\u00e9al (Qu\u00e9bec) H3P 2H4  Nous desservons toute la Rive-Nord, la Rive-Sud ainsi que Montr\u00e9al et ses environs.&#8221; _builder_version=&#8221;4.16&#8243; _module_preset=&#8221;default&#8221; text_text_color=&#8221;#000000&#8243; text_font_size=&#8221;20px&#8221; text_line_height=&#8221;1.3em&#8221; custom_margin=&#8221;||15px||false|false&#8221; text_font_size_tablet=&#8221;20px&#8221; text_font_size_phone=&#8221;17px&#8221; text_font_size_last_edited=&#8221;on|desktop&#8221; global_colors_info=&#8221;{}&#8221;]<\/p>\n<p>243, Avenue Dunbar<br \/>Montr\u00e9al (Qu\u00e9bec) H3P 2H4<\/p>\n<p>We serve the entire North Shore, the South Shore as well as Montreal and its surroundings.<\/p>\n<p>[\/et_pb_text][et_pb_text admin_label=&#8221;Heures d\u2019ouverture du bureau&#8221; _builder_version=&#8221;4.16&#8243; _module_preset=&#8221;default&#8221; header_font=&#8221;|700||on|||||&#8221; header_text_color=&#8221;#b5ce96&#8243; header_line_height=&#8221;1.3em&#8221; header_2_font=&#8221;|700||on|||||&#8221; header_2_text_color=&#8221;#000000&#8243; header_2_font_size=&#8221;30px&#8221; header_2_line_height=&#8221;1.3em&#8221; custom_margin=&#8221;||15px||false|false&#8221; header_font_size_tablet=&#8221;&#8221; header_font_size_phone=&#8221;&#8221; header_font_size_last_edited=&#8221;on|desktop&#8221; header_2_font_size_tablet=&#8221;35px&#8221; header_2_font_size_phone=&#8221;26px&#8221; header_2_font_size_last_edited=&#8221;on|desktop&#8221; global_colors_info=&#8221;{}&#8221;]<\/p>\n<h2>Office hours<\/h2>\n<p>[\/et_pb_text][et_pb_text admin_label=&#8221;de 8h30 \u00e0 16h, du lundi au vendredi  T\u00e9l\u00e9phone : 514 735-6107 Courriel : traiteur@dansereautraiteur.com&#8221; _builder_version=&#8221;4.19.4&#8243; _module_preset=&#8221;default&#8221; text_text_color=&#8221;#000000&#8243; text_font_size=&#8221;20px&#8221; text_line_height=&#8221;1.3em&#8221; link_text_color=&#8221;#000000&#8243; text_font_size_tablet=&#8221;20px&#8221; text_font_size_phone=&#8221;17px&#8221; text_font_size_last_edited=&#8221;on|desktop&#8221; global_colors_info=&#8221;{}&#8221; link_text_color__hover_enabled=&#8221;on|hover&#8221; link_text_color__hover=&#8221;#ACC48E&#8221;]<\/p>\n<p>from 8:30 a.m. to 5 p.m., Monday to Friday<\/p>\n<p>Phone : <a href=\"tel:5147356107\">514 735-6107<\/a><br \/>Mail : <a href=\"mailto:traiteur@dansereautraiteur.com\">traiteur@dansereautraiteur.com<\/a><\/p>\n<p>[\/et_pb_text][et_pb_text admin_label=&#8221;Heures d\u2019ouverture du bureau&#8221; _builder_version=&#8221;4.19.4&#8243; _module_preset=&#8221;default&#8221; header_font=&#8221;|700||on|||||&#8221; header_text_color=&#8221;#b5ce96&#8243; header_line_height=&#8221;1.3em&#8221; header_2_font=&#8221;|700||on|||||&#8221; header_2_text_color=&#8221;#000000&#8243; header_2_font_size=&#8221;30px&#8221; header_2_line_height=&#8221;1.3em&#8221; custom_margin=&#8221;||15px||false|false&#8221; header_font_size_tablet=&#8221;&#8221; header_font_size_phone=&#8221;&#8221; header_font_size_last_edited=&#8221;on|desktop&#8221; header_2_font_size_tablet=&#8221;35px&#8221; header_2_font_size_phone=&#8221;26px&#8221; header_2_font_size_last_edited=&#8221;on|desktop&#8221; global_colors_info=&#8221;{}&#8221;]<\/p>\n<h2>Proposal<\/h2>\n<p>[\/et_pb_text][et_pb_text admin_label=&#8221;de 8h30 \u00e0 16h, du lundi au vendredi  T\u00e9l\u00e9phone : 514 735-6107 Courriel : traiteur@dansereautraiteur.com&#8221; _builder_version=&#8221;4.19.4&#8243; _module_preset=&#8221;default&#8221; text_text_color=&#8221;#000000&#8243; text_font_size=&#8221;20px&#8221; text_line_height=&#8221;1.3em&#8221; link_text_color=&#8221;#000000&#8243; hover_enabled=&#8221;0&#8243; text_font_size_tablet=&#8221;20px&#8221; text_font_size_phone=&#8221;17px&#8221; text_font_size_last_edited=&#8221;on|desktop&#8221; global_colors_info=&#8221;{}&#8221; link_text_color__hover_enabled=&#8221;on|hover&#8221; link_text_color__hover=&#8221;#ACC48E&#8221; sticky_enabled=&#8221;0&#8243;]<\/p>\n<p><a href=\"https:\/\/dansereautraiteur.ca\/en\/submission\/\">You can fill our proposal form here.<\/a><\/p>\n<p>[\/et_pb_text][\/et_pb_column][et_pb_column type=&#8221;1_2&#8243; _builder_version=&#8221;4.16&#8243; _module_preset=&#8221;default&#8221; global_colors_info=&#8221;{}&#8221;][\/et_pb_column][\/et_pb_row][\/et_pb_section][et_pb_section fb_built=&#8221;1&#8243; admin_label=&#8221;Contact&#8221; _builder_version=&#8221;4.16&#8243; _module_preset=&#8221;default&#8221; custom_padding=&#8221;0px||0px||true|false&#8221; animation_style=&#8221;slide&#8221; animation_direction=&#8221;bottom&#8221; animation_duration=&#8221;1100ms&#8221; animation_delay=&#8221;500ms&#8221; box_shadow_style=&#8221;preset1&#8243; saved_tabs=&#8221;all&#8221; global_colors_info=&#8221;{}&#8221;][et_pb_row column_structure=&#8221;1_2,1_2&#8243; use_custom_gutter=&#8221;on&#8221; gutter_width=&#8221;1&#8243; make_equal=&#8221;on&#8221; admin_label=&#8221;Contact&#8221; module_class=&#8221;row-infolettre&#8221; _builder_version=&#8221;4.16&#8243; _module_preset=&#8221;default&#8221; width=&#8221;100%&#8221; width_tablet=&#8221;100%&#8221; max_width=&#8221;100%&#8221; custom_padding=&#8221;0px||0px||true|false&#8221; global_colors_info=&#8221;{}&#8221;][et_pb_column type=&#8221;1_2&#8243; _builder_version=&#8221;4.16&#8243; _module_preset=&#8221;default&#8221; global_colors_info=&#8221;{}&#8221;][et_pb_code raw_content_tablet=&#8221;<iframe src=%22https:\/\/www.google.com\/maps\/embed?pb=!1m18!1m12!1m3!1d2795.5480853254026!2d-73.63016738424902!3d45.51917513779408!2m3!1f0!2f0!3f0!3m2!1i1024!2i768!4f13.1!3m3!1m2!1s0x4cc919a3e0c988db%3A0x3462b709858b91f4!2s243%20Av.%20Dunbar%2C%20Mont-Royal%2C%20QC%20H3P%202H4!5e0!3m2!1sfr!2sca!4v1646412374032!5m2!1sfr!2sca%22 width=%22100%%22 height=%22350%22 style=%22border:0;%22 allowfullscreen=%22%22 loading=%22lazy%22><\/iframe>&#8221; raw_content_phone=&#8221;<iframe src=%22https:\/\/www.google.com\/maps\/embed?pb=!1m18!1m12!1m3!1d2795.5480853254026!2d-73.63016738424902!3d45.51917513779408!2m3!1f0!2f0!3f0!3m2!1i1024!2i768!4f13.1!3m3!1m2!1s0x4cc919a3e0c988db%3A0x3462b709858b91f4!2s243%20Av.%20Dunbar%2C%20Mont-Royal%2C%20QC%20H3P%202H4!5e0!3m2!1sfr!2sca!4v1646412374032!5m2!1sfr!2sca%22 width=%22100%%22 height=%22350%22 style=%22border:0;%22 allowfullscreen=%22%22 loading=%22lazy%22><\/iframe>&#8221; raw_content_last_edited=&#8221;on|tablet&#8221; admin_label=&#8221;Google maps&#8221; _builder_version=&#8221;4.16&#8243; _module_preset=&#8221;default&#8221; global_colors_info=&#8221;{}&#8221;]<iframe src=\"https:\/\/www.google.com\/maps\/embed?pb=!1m18!1m12!1m3!1d2795.5480853254026!2d-73.63016738424902!3d45.51917513779408!2m3!1f0!2f0!3f0!3m2!1i1024!2i768!4f13.1!3m3!1m2!1s0x4cc919a3e0c988db%3A0x3462b709858b91f4!2s243%20Av.%20Dunbar%2C%20Mont-Royal%2C%20QC%20H3P%202H4!5e0!3m2!1sfr!2sca!4v1646412374032!5m2!1sfr!2sca\" width=\"100%\" height=\"500\" style=\"border:0;\" allowfullscreen=\"\" loading=\"lazy\"><\/iframe>[\/et_pb_code][\/et_pb_column][et_pb_column type=&#8221;1_2&#8243; _builder_version=&#8221;4.16&#8243; _module_preset=&#8221;default&#8221; background_color=&#8221;#f3f3f3&#8243; custom_padding=&#8221;3%|3%|3%|3%|true|true&#8221; custom_padding_tablet=&#8221;7%|3%|7%|3%|true|true&#8221; custom_padding_phone=&#8221;10%|5%|10%|5%|true|true&#8221; custom_padding_last_edited=&#8221;on|desktop&#8221; custom_css_main_element=&#8221;display: -webkit-box;||  display: -moz-box;||  display: -webkit-flex;||  display: -ms-flexbox;||  display: flex;||||-webkit-justify-content:center;||justify-content:center;||||-moz-flex-direction:column;||-ms-flex-direction:column;||-webkit-flex-direction:column;||flex-direction:column;&#8221; global_colors_info=&#8221;{}&#8221;][et_pb_text admin_label=&#8221;Abonnez-vous \u00e0 notre infolettre&#8221; _builder_version=&#8221;4.16&#8243; _module_preset=&#8221;default&#8221; header_2_font=&#8221;|700||on|||||&#8221; header_2_text_color=&#8221;#111111&#8243; header_2_font_size=&#8221;25px&#8221; header_2_line_height=&#8221;1.3em&#8221; header_3_font=&#8221;|700|||||||&#8221; custom_margin=&#8221;||0px||false|false&#8221; header_2_font_size_tablet=&#8221;22px&#8221; header_2_font_size_phone=&#8221;20px&#8221; header_2_font_size_last_edited=&#8221;on|desktop&#8221; global_colors_info=&#8221;{}&#8221;]<\/p>\n<h2>Subscribe to our newsletter<\/h2>\n<p>[\/et_pb_text][et_pb_text admin_label=&#8221;Soyez parmi les premiers \u00e0 avoir acc\u00e8s \u00e0 nos menus saisonniers!&#8221; _builder_version=&#8221;4.16&#8243; _module_preset=&#8221;default&#8221; text_text_color=&#8221;#000000&#8243; text_font_size=&#8221;20px&#8221; text_line_height=&#8221;1.3em&#8221; text_font_size_tablet=&#8221;18px&#8221; text_font_size_phone=&#8221;18px&#8221; text_font_size_last_edited=&#8221;on|desktop&#8221; global_colors_info=&#8221;{}&#8221;]<\/p>\n<p>Be among the first to have access to our seasonal menus!<\/p>\n<p>[\/et_pb_text][et_pb_signup mailchimp_list=&#8221;Dansereau Traiteur|6972da2bc1&#8243; name_field=&#8221;on&#8221; name_fullwidth=&#8221;off&#8221; first_name_fullwidth=&#8221;off&#8221; last_name_fullwidth=&#8221;off&#8221; email_fullwidth=&#8221;off&#8221; success_message=&#8221;Well sent!&#8221; button_text=&#8221;GO&#8221; _builder_version=&#8221;4.16&#8243; _module_preset=&#8221;default&#8221; background_enable_color=&#8221;off&#8221; width=&#8221;60%&#8221; width_tablet=&#8221;60%&#8221; width_phone=&#8221;60%&#8221; width_last_edited=&#8221;on|desktop&#8221; custom_padding=&#8221;|0px||0px|false|true&#8221; global_colors_info=&#8221;{}&#8221;][\/et_pb_signup][\/et_pb_column][\/et_pb_row][\/et_pb_section]<\/p>\n","protected":false},"excerpt":{"rendered":"<p>Contact usAddress243, Avenue DunbarMontr\u00e9al (Qu\u00e9bec) H3P 2H4 We serve the entire North Shore, the South Shore as well as Montreal and its surroundings.Office hoursfrom 8:30 a.m. to 5 p.m., Monday to Friday Phone : 514 735-6107Mail : traiteur@dansereautraiteur.comProposalYou can fill our proposal form here.Subscribe to our newsletterBe among the first to have access to our [&hellip;]<\/p>\n","protected":false},"author":1,"featured_media":284,"parent":0,"menu_order":0,"comment_status":"closed","ping_status":"closed","template":"","meta":{"_et_pb_use_builder":"on","_et_pb_old_content":"","_et_gb_content_width":"","footnotes":""},"dipi_cpt_category":[],"class_list":["post-359","page","type-page","status-publish","has-post-thumbnail","hentry"],"yoast_head":"<!-- This site is optimized with the Yoast SEO plugin v27.3 - https:\/\/yoast.com\/product\/yoast-seo-wordpress\/ -->\n<title>Contact us || Dansereau Traiteur<\/title>\n<meta name=\"description\" content=\"There is nothing better than starting your day with a snack or breakfast. We offer choices for all tastes.\" \/>\n<meta name=\"robots\" content=\"index, follow, max-snippet:-1, max-image-preview:large, max-video-preview:-1\" \/>\n<link rel=\"canonical\" href=\"https:\/\/dansereautraiteur.ca\/en\/contact-us\/\" \/>\n<meta property=\"og:locale\" content=\"en_US\" \/>\n<meta property=\"og:type\" content=\"article\" \/>\n<meta property=\"og:title\" content=\"Contact us || Dansereau Traiteur\" \/>\n<meta property=\"og:description\" content=\"There is nothing better than starting your day with a snack or breakfast. We offer choices for all tastes.\" \/>\n<meta property=\"og:url\" content=\"https:\/\/dansereautraiteur.ca\/en\/contact-us\/\" \/>\n<meta property=\"og:site_name\" content=\"Dansereau Traiteur\" \/>\n<meta property=\"article:modified_time\" content=\"2023-02-03T16:17:03+00:00\" \/>\n<meta property=\"og:image\" content=\"https:\/\/dansereautraiteur.ca\/wp-content\/uploads\/2022\/03\/s4-pic03.jpg\" \/>\n<meta name=\"twitter:card\" content=\"summary_large_image\" \/>\n<meta name=\"twitter:title\" content=\"Contact us || Dansereau Traiteur\" \/>\n<meta name=\"twitter:description\" content=\"There is nothing better than starting your day with a snack or breakfast. We offer choices for all tastes.\" \/>\n<meta name=\"twitter:image\" content=\"https:\/\/dansereautraiteur.ca\/wp-content\/uploads\/2022\/03\/s4-pic03.jpg\" \/>\n<meta name=\"twitter:label1\" content=\"Est. reading time\" \/>\n\t<meta name=\"twitter:data1\" content=\"2 minutes\" \/>\n<script type=\"application\/ld+json\" class=\"yoast-schema-graph\">{\"@context\":\"https:\\\/\\\/schema.org\",\"@graph\":[{\"@type\":\"WebPage\",\"@id\":\"https:\\\/\\\/dansereautraiteur.ca\\\/en\\\/contact-us\\\/\",\"url\":\"https:\\\/\\\/dansereautraiteur.ca\\\/en\\\/contact-us\\\/\",\"name\":\"Contact us || Dansereau Traiteur\",\"isPartOf\":{\"@id\":\"https:\\\/\\\/dansereautraiteur.ca\\\/en\\\/#website\"},\"primaryImageOfPage\":{\"@id\":\"https:\\\/\\\/dansereautraiteur.ca\\\/en\\\/contact-us\\\/#primaryimage\"},\"image\":{\"@id\":\"https:\\\/\\\/dansereautraiteur.ca\\\/en\\\/contact-us\\\/#primaryimage\"},\"thumbnailUrl\":\"https:\\\/\\\/dansereautraiteur.ca\\\/wp-content\\\/uploads\\\/2022\\\/03\\\/s4-pic03.jpg\",\"datePublished\":\"2022-03-03T21:30:56+00:00\",\"dateModified\":\"2023-02-03T16:17:03+00:00\",\"description\":\"There is nothing better than starting your day with a snack or breakfast. We offer choices for all tastes.\",\"breadcrumb\":{\"@id\":\"https:\\\/\\\/dansereautraiteur.ca\\\/en\\\/contact-us\\\/#breadcrumb\"},\"inLanguage\":\"en-US\",\"potentialAction\":[{\"@type\":\"ReadAction\",\"target\":[\"https:\\\/\\\/dansereautraiteur.ca\\\/en\\\/contact-us\\\/\"]}]},{\"@type\":\"ImageObject\",\"inLanguage\":\"en-US\",\"@id\":\"https:\\\/\\\/dansereautraiteur.ca\\\/en\\\/contact-us\\\/#primaryimage\",\"url\":\"https:\\\/\\\/dansereautraiteur.ca\\\/wp-content\\\/uploads\\\/2022\\\/03\\\/s4-pic03.jpg\",\"contentUrl\":\"https:\\\/\\\/dansereautraiteur.ca\\\/wp-content\\\/uploads\\\/2022\\\/03\\\/s4-pic03.jpg\",\"width\":800,\"height\":750,\"caption\":\"A waiter with small bites\"},{\"@type\":\"BreadcrumbList\",\"@id\":\"https:\\\/\\\/dansereautraiteur.ca\\\/en\\\/contact-us\\\/#breadcrumb\",\"itemListElement\":[{\"@type\":\"ListItem\",\"position\":1,\"name\":\"Accueil\",\"item\":\"https:\\\/\\\/dansereautraiteur.ca\\\/en\\\/\"},{\"@type\":\"ListItem\",\"position\":2,\"name\":\"Contact us\"}]},{\"@type\":\"WebSite\",\"@id\":\"https:\\\/\\\/dansereautraiteur.ca\\\/en\\\/#website\",\"url\":\"https:\\\/\\\/dansereautraiteur.ca\\\/en\\\/\",\"name\":\"Dansereau Traiteur\",\"description\":\"\",\"potentialAction\":[{\"@type\":\"SearchAction\",\"target\":{\"@type\":\"EntryPoint\",\"urlTemplate\":\"https:\\\/\\\/dansereautraiteur.ca\\\/en\\\/?s={search_term_string}\"},\"query-input\":{\"@type\":\"PropertyValueSpecification\",\"valueRequired\":true,\"valueName\":\"search_term_string\"}}],\"inLanguage\":\"en-US\"}]}<\/script>\n<!-- \/ Yoast SEO plugin. -->","yoast_head_json":{"title":"Contact us || Dansereau Traiteur","description":"There is nothing better than starting your day with a snack or breakfast. We offer choices for all tastes.","robots":{"index":"index","follow":"follow","max-snippet":"max-snippet:-1","max-image-preview":"max-image-preview:large","max-video-preview":"max-video-preview:-1"},"canonical":"https:\/\/dansereautraiteur.ca\/en\/contact-us\/","og_locale":"en_US","og_type":"article","og_title":"Contact us || Dansereau Traiteur","og_description":"There is nothing better than starting your day with a snack or breakfast. We offer choices for all tastes.","og_url":"https:\/\/dansereautraiteur.ca\/en\/contact-us\/","og_site_name":"Dansereau Traiteur","article_modified_time":"2023-02-03T16:17:03+00:00","og_image":[{"url":"https:\/\/dansereautraiteur.ca\/wp-content\/uploads\/2022\/03\/s4-pic03.jpg","type":"","width":"","height":""}],"twitter_card":"summary_large_image","twitter_title":"Contact us || Dansereau Traiteur","twitter_description":"There is nothing better than starting your day with a snack or breakfast. We offer choices for all tastes.","twitter_image":"https:\/\/dansereautraiteur.ca\/wp-content\/uploads\/2022\/03\/s4-pic03.jpg","twitter_misc":{"Est. reading time":"2 minutes"},"schema":{"@context":"https:\/\/schema.org","@graph":[{"@type":"WebPage","@id":"https:\/\/dansereautraiteur.ca\/en\/contact-us\/","url":"https:\/\/dansereautraiteur.ca\/en\/contact-us\/","name":"Contact us || Dansereau Traiteur","isPartOf":{"@id":"https:\/\/dansereautraiteur.ca\/en\/#website"},"primaryImageOfPage":{"@id":"https:\/\/dansereautraiteur.ca\/en\/contact-us\/#primaryimage"},"image":{"@id":"https:\/\/dansereautraiteur.ca\/en\/contact-us\/#primaryimage"},"thumbnailUrl":"https:\/\/dansereautraiteur.ca\/wp-content\/uploads\/2022\/03\/s4-pic03.jpg","datePublished":"2022-03-03T21:30:56+00:00","dateModified":"2023-02-03T16:17:03+00:00","description":"There is nothing better than starting your day with a snack or breakfast. We offer choices for all tastes.","breadcrumb":{"@id":"https:\/\/dansereautraiteur.ca\/en\/contact-us\/#breadcrumb"},"inLanguage":"en-US","potentialAction":[{"@type":"ReadAction","target":["https:\/\/dansereautraiteur.ca\/en\/contact-us\/"]}]},{"@type":"ImageObject","inLanguage":"en-US","@id":"https:\/\/dansereautraiteur.ca\/en\/contact-us\/#primaryimage","url":"https:\/\/dansereautraiteur.ca\/wp-content\/uploads\/2022\/03\/s4-pic03.jpg","contentUrl":"https:\/\/dansereautraiteur.ca\/wp-content\/uploads\/2022\/03\/s4-pic03.jpg","width":800,"height":750,"caption":"A waiter with small bites"},{"@type":"BreadcrumbList","@id":"https:\/\/dansereautraiteur.ca\/en\/contact-us\/#breadcrumb","itemListElement":[{"@type":"ListItem","position":1,"name":"Accueil","item":"https:\/\/dansereautraiteur.ca\/en\/"},{"@type":"ListItem","position":2,"name":"Contact us"}]},{"@type":"WebSite","@id":"https:\/\/dansereautraiteur.ca\/en\/#website","url":"https:\/\/dansereautraiteur.ca\/en\/","name":"Dansereau Traiteur","description":"","potentialAction":[{"@type":"SearchAction","target":{"@type":"EntryPoint","urlTemplate":"https:\/\/dansereautraiteur.ca\/en\/?s={search_term_string}"},"query-input":{"@type":"PropertyValueSpecification","valueRequired":true,"valueName":"search_term_string"}}],"inLanguage":"en-US"}]}},"_links":{"self":[{"href":"https:\/\/dansereautraiteur.ca\/en\/wp-json\/wp\/v2\/pages\/359","targetHints":{"allow":["GET"]}}],"collection":[{"href":"https:\/\/dansereautraiteur.ca\/en\/wp-json\/wp\/v2\/pages"}],"about":[{"href":"https:\/\/dansereautraiteur.ca\/en\/wp-json\/wp\/v2\/types\/page"}],"author":[{"embeddable":true,"href":"https:\/\/dansereautraiteur.ca\/en\/wp-json\/wp\/v2\/users\/1"}],"replies":[{"embeddable":true,"href":"https:\/\/dansereautraiteur.ca\/en\/wp-json\/wp\/v2\/comments?post=359"}],"version-history":[{"count":0,"href":"https:\/\/dansereautraiteur.ca\/en\/wp-json\/wp\/v2\/pages\/359\/revisions"}],"wp:featuredmedia":[{"embeddable":true,"href":"https:\/\/dansereautraiteur.ca\/en\/wp-json\/wp\/v2\/media\/284"}],"wp:attachment":[{"href":"https:\/\/dansereautraiteur.ca\/en\/wp-json\/wp\/v2\/media?parent=359"}],"wp:term":[{"taxonomy":"dipi_cpt_category","embeddable":true,"href":"https:\/\/dansereautraiteur.ca\/en\/wp-json\/wp\/v2\/dipi_cpt_category?post=359"}],"curies":[{"name":"wp","href":"https:\/\/api.w.org\/{rel}","templated":true}]}}